{"id":226,"date":"2024-06-22T21:09:45","date_gmt":"2024-06-22T21:09:45","guid":{"rendered":"https:\/\/demfreshproduce.com\/?page_id=226"},"modified":"2024-06-22T21:10:29","modified_gmt":"2024-06-22T21:10:29","slug":"platano","status":"publish","type":"page","link":"https:\/\/demfreshproduce.com\/index.php\/platano\/","title":{"rendered":"Platano"},"content":{"rendered":"\t\t<div data-elementor-type=\"wp-page\" data-elementor-id=\"226\" class=\"elementor elementor-226\" data-elementor-post-type=\"page\">\n\t\t\t\t\t\t<section class=\"elementor-section elementor-top-section elementor-element elementor-element-35a0879 elementor-section-full_width elementor-section-height-default elementor-section-height-default\" data-id=\"35a0879\" data-element_type=\"section\" data-e-type=\"section\">\n\t\t\t\t\t\t<div class=\"elementor-container elementor-column-gap-default\">\n\t\t\t\t\t<div class=\"elementor-column elementor-col-100 elementor-top-column elementor-element elementor-element-88f3bf9\" data-id=\"88f3bf9\" data-element_type=\"column\" data-e-type=\"column\" data-settings=\"{&quot;background_background&quot;:&quot;classic&quot;}\">\n\t\t\t<div class=\"elementor-widget-wrap elementor-element-populated\">\n\t\t\t\t\t\t<div class=\"elementor-element elementor-element-c5e446f elementor--h-position-center elementor--v-position-middle elementor-widget elementor-widget-slides\" data-id=\"c5e446f\" data-element_type=\"widget\" data-e-type=\"widget\" data-settings=\"{&quot;navigation&quot;:&quot;none&quot;,&quot;autoplay_speed&quot;:3000,&quot;transition&quot;:&quot;fade&quot;,&quot;autoplay&quot;:&quot;yes&quot;,&quot;infinite&quot;:&quot;yes&quot;,&quot;transition_speed&quot;:500}\" data-widget_type=\"slides.default\">\n\t\t\t\t<div class=\"elementor-widget-container\">\n\t\t\t\t\t\t\t\t\t<div class=\"elementor-swiper\">\n\t\t\t\t\t<div class=\"elementor-slides-wrapper elementor-main-swiper swiper\" role=\"region\" aria-roledescription=\"carousel\" aria-label=\"Slides\" dir=\"ltr\" data-animation=\"fadeInDown\">\n\t\t\t\t<div class=\"swiper-wrapper elementor-slides\">\n\t\t\t\t\t\t\t\t\t\t<div class=\"elementor-repeater-item-667a077 swiper-slide\" role=\"group\" aria-roledescription=\"slide\"><div class=\"swiper-slide-bg elementor-ken-burns elementor-ken-burns--in\" role=\"img\" aria-label=\"platano.jpg\"><\/div><a class=\"swiper-slide-inner\" href=\"https:\/\/demfreshproduce.com\/index.php\/contacto\/\"><div class=\"swiper-slide-contents\"><div class=\"elementor-slide-heading\">Platano<\/div><div  class=\"elementor-button elementor-slide-button elementor-size-sm\">Contacto<\/div><\/div><\/a><\/div>\t\t\t\t<\/div>\n\t\t\t\t\t\t\t<\/div>\n\t\t\t\t<\/div>\n\t\t\t\t\t\t\t\t<\/div>\n\t\t\t\t<\/div>\n\t\t\t\t<div class=\"elementor-element elementor-element-91a0e9b elementor-nav-menu__align-center elementor-fixed elementor-nav-menu--dropdown-tablet elementor-nav-menu__text-align-aside elementor-nav-menu--toggle elementor-nav-menu--burger elementor-widget elementor-widget-nav-menu\" data-id=\"91a0e9b\" data-element_type=\"widget\" data-e-type=\"widget\" data-settings=\"{&quot;_position&quot;:&quot;fixed&quot;,&quot;layout&quot;:&quot;horizontal&quot;,&quot;submenu_icon&quot;:{&quot;value&quot;:&quot;&lt;svg aria-hidden=\\&quot;true\\&quot; class=\\&quot;e-font-icon-svg e-fas-caret-down\\&quot; viewBox=\\&quot;0 0 320 512\\&quot; xmlns=\\&quot;http:\\\/\\\/www.w3.org\\\/2000\\\/svg\\&quot;&gt;&lt;path d=\\&quot;M31.3 192h257.3c17.8 0 26.7 21.5 14.1 34.1L174.1 354.8c-7.8 7.8-20.5 7.8-28.3 0L17.2 226.1C4.6 213.5 13.5 192 31.3 192z\\&quot;&gt;&lt;\\\/path&gt;&lt;\\\/svg&gt;&quot;,&quot;library&quot;:&quot;fa-solid&quot;},&quot;toggle&quot;:&quot;burger&quot;}\" data-widget_type=\"nav-menu.default\">\n\t\t\t\t<div class=\"elementor-widget-container\">\n\t\t\t\t\t\t\t\t<nav aria-label=\"Menu\" class=\"elementor-nav-menu--main elementor-nav-menu__container elementor-nav-menu--layout-horizontal e--pointer-underline e--animation-fade\">\n\t\t\t\t<ul id=\"menu-1-91a0e9b\" class=\"elementor-nav-menu\"><li class=\"menu-item menu-item-type-post_type menu-item-object-page menu-item-home menu-item-34\"><a href=\"https:\/\/demfreshproduce.com\/\" class=\"elementor-item\">Inicio<\/a><\/li>\n<li class=\"menu-item menu-item-type-post_type menu-item-object-page menu-item-314\"><a href=\"https:\/\/demfreshproduce.com\/index.php\/contacto\/\" class=\"elementor-item\">Contacto<\/a><\/li>\n<li class=\"menu-item menu-item-type-post_type menu-item-object-page menu-item-has-children menu-item-320\"><a href=\"https:\/\/demfreshproduce.com\/index.php\/pina\/\" class=\"elementor-item\">Pi\u00f1a<\/a>\n<ul class=\"sub-menu elementor-nav-menu--dropdown\">\n\t<li class=\"menu-item menu-item-type-post_type menu-item-object-page menu-item-321\"><a href=\"https:\/\/demfreshproduce.com\/index.php\/pina-congelada\/\" class=\"elementor-sub-item\">Pi\u00f1a Congelada<\/a><\/li>\n\t<li class=\"menu-item menu-item-type-post_type menu-item-object-page menu-item-322\"><a href=\"https:\/\/demfreshproduce.com\/index.php\/pina-en-pasta\/\" class=\"elementor-sub-item\">Pi\u00f1a en Pasta<\/a><\/li>\n<\/ul>\n<\/li>\n<li class=\"menu-item menu-item-type-post_type menu-item-object-page menu-item-has-children menu-item-326\"><a href=\"https:\/\/demfreshproduce.com\/index.php\/yuca\/\" class=\"elementor-item\">Yuca<\/a>\n<ul class=\"sub-menu elementor-nav-menu--dropdown\">\n\t<li class=\"menu-item menu-item-type-post_type menu-item-object-page menu-item-327\"><a href=\"https:\/\/demfreshproduce.com\/index.php\/yuca-congelada\/\" class=\"elementor-sub-item\">Yuca Congelada<\/a><\/li>\n\t<li class=\"menu-item menu-item-type-post_type menu-item-object-page menu-item-328\"><a href=\"https:\/\/demfreshproduce.com\/index.php\/yuca-en-masa\/\" class=\"elementor-sub-item\">Yuca en Masa<\/a><\/li>\n\t<li class=\"menu-item menu-item-type-post_type menu-item-object-page menu-item-329\"><a href=\"https:\/\/demfreshproduce.com\/index.php\/yuca-en-pasta\/\" class=\"elementor-sub-item\">Yuca en Pasta<\/a><\/li>\n<\/ul>\n<\/li>\n<li class=\"menu-item menu-item-type-post_type menu-item-object-page menu-item-311\"><a href=\"https:\/\/demfreshproduce.com\/index.php\/ayote\/\" class=\"elementor-item\">Ayote<\/a><\/li>\n<li class=\"menu-item menu-item-type-post_type menu-item-object-page menu-item-312\"><a href=\"https:\/\/demfreshproduce.com\/index.php\/banano\/\" class=\"elementor-item\">Banano<\/a><\/li>\n<li class=\"menu-item menu-item-type-post_type menu-item-object-page menu-item-313\"><a href=\"https:\/\/demfreshproduce.com\/index.php\/chayote\/\" class=\"elementor-item\">Chayote<\/a><\/li>\n<li class=\"menu-item menu-item-type-post_type menu-item-object-page menu-item-315\"><a href=\"https:\/\/demfreshproduce.com\/index.php\/eddoes\/\" class=\"elementor-item\">Eddoes<\/a><\/li>\n<li class=\"menu-item menu-item-type-post_type menu-item-object-page menu-item-316\"><a href=\"https:\/\/demfreshproduce.com\/index.php\/jengibre\/\" class=\"elementor-item\">Jengibre<\/a><\/li>\n<li class=\"menu-item menu-item-type-post_type menu-item-object-page menu-item-317\"><a href=\"https:\/\/demfreshproduce.com\/index.php\/malanga\/\" class=\"elementor-item\">Malanga<\/a><\/li>\n<li class=\"menu-item menu-item-type-post_type menu-item-object-page menu-item-318\"><a href=\"https:\/\/demfreshproduce.com\/index.php\/melon\/\" class=\"elementor-item\">Melon<\/a><\/li>\n<li class=\"menu-item menu-item-type-post_type menu-item-object-page menu-item-319\"><a href=\"https:\/\/demfreshproduce.com\/index.php\/name\/\" class=\"elementor-item\">\u00d1ame<\/a><\/li>\n<li class=\"menu-item menu-item-type-post_type menu-item-object-page menu-item-323\"><a href=\"https:\/\/demfreshproduce.com\/index.php\/platano\/\" class=\"elementor-item\">Platano<\/a><\/li>\n<li class=\"menu-item menu-item-type-post_type menu-item-object-page menu-item-324\"><a href=\"https:\/\/demfreshproduce.com\/index.php\/platano-en-pasta\/\" class=\"elementor-item\">Platano en Pasta<\/a><\/li>\n<li class=\"menu-item menu-item-type-post_type menu-item-object-page menu-item-325\"><a href=\"https:\/\/demfreshproduce.com\/index.php\/tiquisque\/\" class=\"elementor-item\">Tiquisque<\/a><\/li>\n<\/ul>\t\t\t<\/nav>\n\t\t\t\t\t<div class=\"elementor-menu-toggle\" role=\"button\" tabindex=\"0\" aria-label=\"Menu Toggle\" aria-expanded=\"false\">\n\t\t\t<svg aria-hidden=\"true\" role=\"presentation\" class=\"elementor-menu-toggle__icon--open e-font-icon-svg e-eicon-menu-bar\" viewBox=\"0 0 1000 1000\" xmlns=\"http:\/\/www.w3.org\/2000\/svg\"><path d=\"M104 333H896C929 333 958 304 958 271S929 208 896 208H104C71 208 42 237 42 271S71 333 104 333ZM104 583H896C929 583 958 554 958 521S929 458 896 458H104C71 458 42 487 42 521S71 583 104 583ZM104 833H896C929 833 958 804 958 771S929 708 896 708H104C71 708 42 737 42 771S71 833 104 833Z\"><\/path><\/svg><svg aria-hidden=\"true\" role=\"presentation\" class=\"elementor-menu-toggle__icon--close e-font-icon-svg e-eicon-close\" viewBox=\"0 0 1000 1000\" xmlns=\"http:\/\/www.w3.org\/2000\/svg\"><path d=\"M742 167L500 408 258 167C246 154 233 150 217 150 196 150 179 158 167 167 154 179 150 196 150 212 150 229 154 242 171 254L408 500 167 742C138 771 138 800 167 829 196 858 225 858 254 829L496 587 738 829C750 842 767 846 783 846 800 846 817 842 829 829 842 817 846 804 846 783 846 767 842 750 829 737L588 500 833 258C863 229 863 200 833 171 804 137 775 137 742 167Z\"><\/path><\/svg>\t\t<\/div>\n\t\t\t\t\t<nav class=\"elementor-nav-menu--dropdown elementor-nav-menu__container\" aria-hidden=\"true\">\n\t\t\t\t<ul id=\"menu-2-91a0e9b\" class=\"elementor-nav-menu\"><li class=\"menu-item menu-item-type-post_type menu-item-object-page menu-item-home menu-item-34\"><a href=\"https:\/\/demfreshproduce.com\/\" class=\"elementor-item\" tabindex=\"-1\">Inicio<\/a><\/li>\n<li class=\"menu-item menu-item-type-post_type menu-item-object-page menu-item-314\"><a href=\"https:\/\/demfreshproduce.com\/index.php\/contacto\/\" class=\"elementor-item\" tabindex=\"-1\">Contacto<\/a><\/li>\n<li class=\"menu-item menu-item-type-post_type menu-item-object-page menu-item-has-children menu-item-320\"><a href=\"https:\/\/demfreshproduce.com\/index.php\/pina\/\" class=\"elementor-item\" tabindex=\"-1\">Pi\u00f1a<\/a>\n<ul class=\"sub-menu elementor-nav-menu--dropdown\">\n\t<li class=\"menu-item menu-item-type-post_type menu-item-object-page menu-item-321\"><a href=\"https:\/\/demfreshproduce.com\/index.php\/pina-congelada\/\" class=\"elementor-sub-item\" tabindex=\"-1\">Pi\u00f1a Congelada<\/a><\/li>\n\t<li class=\"menu-item menu-item-type-post_type menu-item-object-page menu-item-322\"><a href=\"https:\/\/demfreshproduce.com\/index.php\/pina-en-pasta\/\" class=\"elementor-sub-item\" tabindex=\"-1\">Pi\u00f1a en Pasta<\/a><\/li>\n<\/ul>\n<\/li>\n<li class=\"menu-item menu-item-type-post_type menu-item-object-page menu-item-has-children menu-item-326\"><a href=\"https:\/\/demfreshproduce.com\/index.php\/yuca\/\" class=\"elementor-item\" tabindex=\"-1\">Yuca<\/a>\n<ul class=\"sub-menu elementor-nav-menu--dropdown\">\n\t<li class=\"menu-item menu-item-type-post_type menu-item-object-page menu-item-327\"><a href=\"https:\/\/demfreshproduce.com\/index.php\/yuca-congelada\/\" class=\"elementor-sub-item\" tabindex=\"-1\">Yuca Congelada<\/a><\/li>\n\t<li class=\"menu-item menu-item-type-post_type menu-item-object-page menu-item-328\"><a href=\"https:\/\/demfreshproduce.com\/index.php\/yuca-en-masa\/\" class=\"elementor-sub-item\" tabindex=\"-1\">Yuca en Masa<\/a><\/li>\n\t<li class=\"menu-item menu-item-type-post_type menu-item-object-page menu-item-329\"><a href=\"https:\/\/demfreshproduce.com\/index.php\/yuca-en-pasta\/\" class=\"elementor-sub-item\" tabindex=\"-1\">Yuca en Pasta<\/a><\/li>\n<\/ul>\n<\/li>\n<li class=\"menu-item menu-item-type-post_type menu-item-object-page menu-item-311\"><a href=\"https:\/\/demfreshproduce.com\/index.php\/ayote\/\" class=\"elementor-item\" tabindex=\"-1\">Ayote<\/a><\/li>\n<li class=\"menu-item menu-item-type-post_type menu-item-object-page menu-item-312\"><a href=\"https:\/\/demfreshproduce.com\/index.php\/banano\/\" class=\"elementor-item\" tabindex=\"-1\">Banano<\/a><\/li>\n<li class=\"menu-item menu-item-type-post_type menu-item-object-page menu-item-313\"><a href=\"https:\/\/demfreshproduce.com\/index.php\/chayote\/\" class=\"elementor-item\" tabindex=\"-1\">Chayote<\/a><\/li>\n<li class=\"menu-item menu-item-type-post_type menu-item-object-page menu-item-315\"><a href=\"https:\/\/demfreshproduce.com\/index.php\/eddoes\/\" class=\"elementor-item\" tabindex=\"-1\">Eddoes<\/a><\/li>\n<li class=\"menu-item menu-item-type-post_type menu-item-object-page menu-item-316\"><a href=\"https:\/\/demfreshproduce.com\/index.php\/jengibre\/\" class=\"elementor-item\" tabindex=\"-1\">Jengibre<\/a><\/li>\n<li class=\"menu-item menu-item-type-post_type menu-item-object-page menu-item-317\"><a href=\"https:\/\/demfreshproduce.com\/index.php\/malanga\/\" class=\"elementor-item\" tabindex=\"-1\">Malanga<\/a><\/li>\n<li class=\"menu-item menu-item-type-post_type menu-item-object-page menu-item-318\"><a href=\"https:\/\/demfreshproduce.com\/index.php\/melon\/\" class=\"elementor-item\" tabindex=\"-1\">Melon<\/a><\/li>\n<li class=\"menu-item menu-item-type-post_type menu-item-object-page menu-item-319\"><a href=\"https:\/\/demfreshproduce.com\/index.php\/name\/\" class=\"elementor-item\" tabindex=\"-1\">\u00d1ame<\/a><\/li>\n<li class=\"menu-item menu-item-type-post_type menu-item-object-page menu-item-323\"><a href=\"https:\/\/demfreshproduce.com\/index.php\/platano\/\" class=\"elementor-item\" tabindex=\"-1\">Platano<\/a><\/li>\n<li class=\"menu-item menu-item-type-post_type menu-item-object-page menu-item-324\"><a href=\"https:\/\/demfreshproduce.com\/index.php\/platano-en-pasta\/\" class=\"elementor-item\" tabindex=\"-1\">Platano en Pasta<\/a><\/li>\n<li class=\"menu-item menu-item-type-post_type menu-item-object-page menu-item-325\"><a href=\"https:\/\/demfreshproduce.com\/index.php\/tiquisque\/\" class=\"elementor-item\" tabindex=\"-1\">Tiquisque<\/a><\/li>\n<\/ul>\t\t\t<\/nav>\n\t\t\t\t\t\t<\/div>\n\t\t\t\t<\/div>\n\t\t\t\t\t<\/div>\n\t\t<\/div>\n\t\t\t\t\t<\/div>\n\t\t<\/section>\n\t\t\t\t<section class=\"elementor-section elementor-top-section elementor-element elementor-element-bb95f51 elementor-section-boxed elementor-section-height-default elementor-section-height-default\" data-id=\"bb95f51\" data-element_type=\"section\" data-e-type=\"section\">\n\t\t\t\t\t\t<div class=\"elementor-container elementor-column-gap-default\">\n\t\t\t\t\t<div class=\"elementor-column elementor-col-100 elementor-top-column elementor-element elementor-element-0d90b22\" data-id=\"0d90b22\" data-element_type=\"column\" data-e-type=\"column\">\n\t\t\t<div class=\"elementor-widget-wrap elementor-element-populated\">\n\t\t\t\t\t\t<div class=\"elementor-element elementor-element-fca24a9 elementor-widget elementor-widget-text-editor\" data-id=\"fca24a9\" data-element_type=\"widget\" data-e-type=\"widget\" data-widget_type=\"text-editor.default\">\n\t\t\t\t<div class=\"elementor-widget-container\">\n\t\t\t\t\t\t\t\t\t<p>El pl\u00e1tano de Costa Rica es ampliamente conocido y apreciado tanto en el \u00e1mbito nacional como internacional. Costa Rica es uno de los principales productores y exportadores de pl\u00e1tanos a nivel mundial, y el cultivo de pl\u00e1tanos es una parte importante de la agricultura del pa\u00eds.<\/p><p>El pl\u00e1tano es una fruta tropical que pertenece a la familia de las Mus\u00e1ceas. Existen diferentes variedades de pl\u00e1tanos, pero las dos m\u00e1s comunes en Costa Rica son el pl\u00e1tano com\u00fan o &#8220;banano&#8221; y el pl\u00e1tano macho.<\/p><p>El pl\u00e1tano com\u00fan o &#8220;banano&#8221; se caracteriza por su forma alargada y curvada, su piel de color amarillo cuando est\u00e1 maduro y su pulpa dulce y cremosa. Es consumido en su mayor\u00eda como una fruta fresca y se utiliza tambi\u00e9n en la preparaci\u00f3n de batidos, postres y otros platos. Costa Rica es reconocida por su producci\u00f3n de banano de alta calidad, especialmente la variedad Cavendish.<\/p><p>Por otro lado, el pl\u00e1tano macho es una variedad que se utiliza principalmente en la cocina. A diferencia del pl\u00e1tano com\u00fan, el pl\u00e1tano macho tiene una pulpa m\u00e1s firme y su sabor es m\u00e1s almidonado. Se utiliza en la preparaci\u00f3n de platos salados como patacones (tajadas fritas de pl\u00e1tano macho) y maduros (pl\u00e1tanos maduros fritos), as\u00ed como en otros platos tradicionales costarricenses.<\/p><p>El cultivo del pl\u00e1tano en Costa Rica se realiza en plantaciones ubicadas en zonas de clima c\u00e1lido y h\u00famedo. Se requiere una cantidad adecuada de lluvia y temperaturas estables para su crecimiento \u00f3ptimo. El proceso de cultivo incluye la siembra de reto\u00f1os o plantas j\u00f3venes en el suelo y el cuidado de la plantaci\u00f3n a lo largo del tiempo, lo cual implica la aplicaci\u00f3n de fertilizantes y la protecci\u00f3n contra plagas y enfermedades.<\/p><p>La industria bananera en Costa Rica est\u00e1 orientada tanto al mercado interno como a la exportaci\u00f3n. El pa\u00eds cuenta con empresas y cooperativas dedicadas a la producci\u00f3n y comercializaci\u00f3n de pl\u00e1tanos, que cumplen con est\u00e1ndares de calidad y sostenibilidad reconocidos a nivel internacional.<\/p>\t\t\t\t\t\t\t\t<\/div>\n\t\t\t\t<\/div>\n\t\t\t\t\t<\/div>\n\t\t<\/div>\n\t\t\t\t\t<\/div>\n\t\t<\/section>\n\t\t\t\t<section class=\"elementor-section elementor-top-section elementor-element elementor-element-9c92ba3 elementor-section-boxed elementor-section-height-default elementor-section-height-default\" data-id=\"9c92ba3\" data-element_type=\"section\" data-e-type=\"section\">\n\t\t\t\t\t\t<div class=\"elementor-container elementor-column-gap-default\">\n\t\t\t\t\t<div class=\"elementor-column elementor-col-100 elementor-top-column elementor-element elementor-element-fe1e3e3\" data-id=\"fe1e3e3\" data-element_type=\"column\" data-e-type=\"column\">\n\t\t\t<div class=\"elementor-widget-wrap elementor-element-populated\">\n\t\t\t\t\t\t<div class=\"elementor-element elementor-element-edcfe91 elementor-widget elementor-widget-gallery\" data-id=\"edcfe91\" data-element_type=\"widget\" data-e-type=\"widget\" data-settings=\"{&quot;columns&quot;:3,&quot;lazyload&quot;:&quot;yes&quot;,&quot;gallery_layout&quot;:&quot;grid&quot;,&quot;columns_tablet&quot;:2,&quot;columns_mobile&quot;:1,&quot;gap&quot;:{&quot;unit&quot;:&quot;px&quot;,&quot;size&quot;:10,&quot;sizes&quot;:[]},&quot;gap_tablet&quot;:{&quot;unit&quot;:&quot;px&quot;,&quot;size&quot;:10,&quot;sizes&quot;:[]},&quot;gap_mobile&quot;:{&quot;unit&quot;:&quot;px&quot;,&quot;size&quot;:10,&quot;sizes&quot;:[]},&quot;link_to&quot;:&quot;file&quot;,&quot;aspect_ratio&quot;:&quot;3:2&quot;,&quot;overlay_background&quot;:&quot;yes&quot;,&quot;content_hover_animation&quot;:&quot;fade-in&quot;}\" data-widget_type=\"gallery.default\">\n\t\t\t\t<div class=\"elementor-widget-container\">\n\t\t\t\t\t\t\t<div class=\"elementor-gallery__container\">\n\t\t\t\t\t\t\t<a class=\"e-gallery-item elementor-gallery-item elementor-animated-content\" href=\"https:\/\/demfreshproduce.com\/wp-content\/uploads\/2024\/06\/platano-de-canarias_4_732x400.jpeg\" data-elementor-open-lightbox=\"yes\" data-elementor-lightbox-slideshow=\"edcfe91\" data-elementor-lightbox-title=\"platano-de-canarias_4_732x400.jpeg\" data-e-action-hash=\"#elementor-action%3Aaction%3Dlightbox%26settings%3DeyJpZCI6MjI5LCJ1cmwiOiJodHRwczpcL1wvZGVtZnJlc2hwcm9kdWNlLmNvbVwvd3AtY29udGVudFwvdXBsb2Fkc1wvMjAyNFwvMDZcL3BsYXRhbm8tZGUtY2FuYXJpYXNfNF83MzJ4NDAwLmpwZWciLCJzbGlkZXNob3ciOiJlZGNmZTkxIn0%3D\">\n\t\t\t\t\t<div class=\"e-gallery-image elementor-gallery-item__image\" data-thumbnail=\"https:\/\/demfreshproduce.com\/wp-content\/uploads\/2024\/06\/platano-de-canarias_4_732x400-300x164.jpeg\" data-width=\"300\" data-height=\"164\" aria-label=\"\" role=\"img\" ><\/div>\n\t\t\t\t\t\t\t\t\t\t\t<div class=\"elementor-gallery-item__overlay\"><\/div>\n\t\t\t\t\t\t\t\t\t\t\t\t\t\t<\/a>\n\t\t\t\t\t\t\t<a class=\"e-gallery-item elementor-gallery-item elementor-animated-content\" href=\"https:\/\/demfreshproduce.com\/wp-content\/uploads\/2024\/06\/Platano_Tabasco-scaled-2.jpg\" data-elementor-open-lightbox=\"yes\" data-elementor-lightbox-slideshow=\"edcfe91\" data-elementor-lightbox-title=\"Platano_Tabasco-scaled-2.jpg\" data-e-action-hash=\"#elementor-action%3Aaction%3Dlightbox%26settings%3DeyJpZCI6MjMwLCJ1cmwiOiJodHRwczpcL1wvZGVtZnJlc2hwcm9kdWNlLmNvbVwvd3AtY29udGVudFwvdXBsb2Fkc1wvMjAyNFwvMDZcL1BsYXRhbm9fVGFiYXNjby1zY2FsZWQtMi5qcGciLCJzbGlkZXNob3ciOiJlZGNmZTkxIn0%3D\">\n\t\t\t\t\t<div class=\"e-gallery-image elementor-gallery-item__image\" data-thumbnail=\"https:\/\/demfreshproduce.com\/wp-content\/uploads\/2024\/06\/Platano_Tabasco-scaled-2-300x225.jpg\" data-width=\"300\" data-height=\"225\" aria-label=\"\" role=\"img\" ><\/div>\n\t\t\t\t\t\t\t\t\t\t\t<div class=\"elementor-gallery-item__overlay\"><\/div>\n\t\t\t\t\t\t\t\t\t\t\t\t\t\t<\/a>\n\t\t\t\t\t\t\t<a class=\"e-gallery-item elementor-gallery-item elementor-animated-content\" href=\"https:\/\/demfreshproduce.com\/wp-content\/uploads\/2024\/06\/platano.jpg\" data-elementor-open-lightbox=\"yes\" data-elementor-lightbox-slideshow=\"edcfe91\" data-elementor-lightbox-title=\"platano.jpg\" data-e-action-hash=\"#elementor-action%3Aaction%3Dlightbox%26settings%3DeyJpZCI6MzIsInVybCI6Imh0dHBzOlwvXC9kZW1mcmVzaHByb2R1Y2UuY29tXC93cC1jb250ZW50XC91cGxvYWRzXC8yMDI0XC8wNlwvcGxhdGFuby5qcGciLCJzbGlkZXNob3ciOiJlZGNmZTkxIn0%3D\">\n\t\t\t\t\t<div class=\"e-gallery-image elementor-gallery-item__image\" data-thumbnail=\"https:\/\/demfreshproduce.com\/wp-content\/uploads\/2024\/06\/platano-300x200.jpg\" data-width=\"300\" data-height=\"200\" aria-label=\"\" role=\"img\" ><\/div>\n\t\t\t\t\t\t\t\t\t\t\t<div class=\"elementor-gallery-item__overlay\"><\/div>\n\t\t\t\t\t\t\t\t\t\t\t\t\t\t<\/a>\n\t\t\t\t\t<\/div>\n\t\t\t\t\t<\/div>\n\t\t\t\t<\/div>\n\t\t\t\t\t<\/div>\n\t\t<\/div>\n\t\t\t\t\t<\/div>\n\t\t<\/section>\n\t\t\t\t<section class=\"elementor-section elementor-top-section elementor-element elementor-element-352eed5 elementor-section-full_width elementor-section-height-default elementor-section-height-default\" data-id=\"352eed5\" data-element_type=\"section\" data-e-type=\"section\" data-settings=\"{&quot;background_background&quot;:&quot;classic&quot;}\">\n\t\t\t\t\t\t<div class=\"elementor-container elementor-column-gap-default\">\n\t\t\t\t\t<div class=\"elementor-column elementor-col-100 elementor-top-column elementor-element elementor-element-601d824\" data-id=\"601d824\" data-element_type=\"column\" data-e-type=\"column\">\n\t\t\t<div class=\"elementor-widget-wrap elementor-element-populated\">\n\t\t\t\t\t\t<div class=\"elementor-element elementor-element-65d3946 elementor-widget elementor-widget-text-editor\" data-id=\"65d3946\" data-element_type=\"widget\" data-e-type=\"widget\" data-widget_type=\"text-editor.default\">\n\t\t\t\t<div class=\"elementor-widget-container\">\n\t\t\t\t\t\t\t\t\t<p>Dise\u00f1ado &amp; Hosting web <span style=\"color: #ffffff;\"><a style=\"color: #ffffff;\" href=\"https:\/\/williamalvarado.com\"><span style=\"text-decoration: underline;\">WilliamAlvarado.com<\/span><\/a><\/span><\/p>\t\t\t\t\t\t\t\t<\/div>\n\t\t\t\t<\/div>\n\t\t\t\t\t<\/div>\n\t\t<\/div>\n\t\t\t\t\t<\/div>\n\t\t<\/section>\n\t\t\t\t<\/div>\n\t\t","protected":false},"excerpt":{"rendered":"<p>PlatanoContacto El pl\u00e1tano de Costa Rica es ampliamente conocido y apreciado tanto en el \u00e1mbito nacional como internacional. Costa Rica es uno de los principales productores y exportadores de pl\u00e1tanos a nivel mundial, y el cultivo de pl\u00e1tanos es una parte importante de la agricultura del pa\u00eds. El pl\u00e1tano es una fruta tropical que pertenece [&hellip;]<\/p>\n","protected":false},"author":1,"featured_media":0,"parent":0,"menu_order":0,"comment_status":"closed","ping_status":"closed","template":"elementor_canvas","meta":{"footnotes":""},"class_list":["post-226","page","type-page","status-publish","hentry"],"_links":{"self":[{"href":"https:\/\/demfreshproduce.com\/index.php\/wp-json\/wp\/v2\/pages\/226","targetHints":{"allow":["GET"]}}],"collection":[{"href":"https:\/\/demfreshproduce.com\/index.php\/wp-json\/wp\/v2\/pages"}],"about":[{"href":"https:\/\/demfreshproduce.com\/index.php\/wp-json\/wp\/v2\/types\/page"}],"author":[{"embeddable":true,"href":"https:\/\/demfreshproduce.com\/index.php\/wp-json\/wp\/v2\/users\/1"}],"replies":[{"embeddable":true,"href":"https:\/\/demfreshproduce.com\/index.php\/wp-json\/wp\/v2\/comments?post=226"}],"version-history":[{"count":7,"href":"https:\/\/demfreshproduce.com\/index.php\/wp-json\/wp\/v2\/pages\/226\/revisions"}],"predecessor-version":[{"id":236,"href":"https:\/\/demfreshproduce.com\/index.php\/wp-json\/wp\/v2\/pages\/226\/revisions\/236"}],"wp:attachment":[{"href":"https:\/\/demfreshproduce.com\/index.php\/wp-json\/wp\/v2\/media?parent=226"}],"curies":[{"name":"wp","href":"https:\/\/api.w.org\/{rel}","templated":true}]}}