{"id":237,"date":"2024-06-22T21:11:20","date_gmt":"2024-06-22T21:11:20","guid":{"rendered":"https:\/\/demfreshproduce.com\/?page_id=237"},"modified":"2024-06-22T21:12:28","modified_gmt":"2024-06-22T21:12:28","slug":"platano-en-pasta","status":"publish","type":"page","link":"https:\/\/demfreshproduce.com\/index.php\/platano-en-pasta\/","title":{"rendered":"Platano en Pasta"},"content":{"rendered":"\t\t<div data-elementor-type=\"wp-page\" data-elementor-id=\"237\" class=\"elementor elementor-237\" data-elementor-post-type=\"page\">\n\t\t\t\t\t\t<section class=\"elementor-section elementor-top-section elementor-element elementor-element-a98496c elementor-section-full_width elementor-section-height-default elementor-section-height-default\" data-id=\"a98496c\" data-element_type=\"section\" data-e-type=\"section\">\n\t\t\t\t\t\t<div class=\"elementor-container elementor-column-gap-default\">\n\t\t\t\t\t<div class=\"elementor-column elementor-col-100 elementor-top-column elementor-element elementor-element-88f8741\" data-id=\"88f8741\" data-element_type=\"column\" data-e-type=\"column\" data-settings=\"{&quot;background_background&quot;:&quot;classic&quot;}\">\n\t\t\t<div class=\"elementor-widget-wrap elementor-element-populated\">\n\t\t\t\t\t\t<div class=\"elementor-element elementor-element-02d3a44 elementor--h-position-center elementor--v-position-middle elementor-widget elementor-widget-slides\" data-id=\"02d3a44\" data-element_type=\"widget\" data-e-type=\"widget\" data-settings=\"{&quot;navigation&quot;:&quot;none&quot;,&quot;autoplay_speed&quot;:3000,&quot;transition&quot;:&quot;fade&quot;,&quot;autoplay&quot;:&quot;yes&quot;,&quot;infinite&quot;:&quot;yes&quot;,&quot;transition_speed&quot;:500}\" data-widget_type=\"slides.default\">\n\t\t\t\t<div class=\"elementor-widget-container\">\n\t\t\t\t\t\t\t\t\t<div class=\"elementor-swiper\">\n\t\t\t\t\t<div class=\"elementor-slides-wrapper elementor-main-swiper swiper\" role=\"region\" aria-roledescription=\"carousel\" aria-label=\"Slides\" dir=\"ltr\" data-animation=\"fadeInDown\">\n\t\t\t\t<div class=\"swiper-wrapper elementor-slides\">\n\t\t\t\t\t\t\t\t\t\t<div class=\"elementor-repeater-item-667a077 swiper-slide\" role=\"group\" aria-roledescription=\"slide\"><div class=\"swiper-slide-bg elementor-ken-burns elementor-ken-burns--in\" role=\"img\" aria-label=\"depositphotos_309801894-stock-photo-banana-mash-close-up-shot.webp\"><\/div><a class=\"swiper-slide-inner\" href=\"https:\/\/demfreshproduce.com\/index.php\/contacto\/\"><div class=\"swiper-slide-contents\"><div class=\"elementor-slide-heading\">Platano en Pasta<\/div><div  class=\"elementor-button elementor-slide-button elementor-size-sm\">Contacto<\/div><\/div><\/a><\/div>\t\t\t\t<\/div>\n\t\t\t\t\t\t\t<\/div>\n\t\t\t\t<\/div>\n\t\t\t\t\t\t\t\t<\/div>\n\t\t\t\t<\/div>\n\t\t\t\t<div class=\"elementor-element elementor-element-f6fcc4f elementor-nav-menu__align-center elementor-fixed elementor-nav-menu--dropdown-tablet elementor-nav-menu__text-align-aside elementor-nav-menu--toggle elementor-nav-menu--burger elementor-widget elementor-widget-nav-menu\" data-id=\"f6fcc4f\" data-element_type=\"widget\" data-e-type=\"widget\" data-settings=\"{&quot;_position&quot;:&quot;fixed&quot;,&quot;layout&quot;:&quot;horizontal&quot;,&quot;submenu_icon&quot;:{&quot;value&quot;:&quot;&lt;svg aria-hidden=\\&quot;true\\&quot; class=\\&quot;e-font-icon-svg e-fas-caret-down\\&quot; viewBox=\\&quot;0 0 320 512\\&quot; xmlns=\\&quot;http:\\\/\\\/www.w3.org\\\/2000\\\/svg\\&quot;&gt;&lt;path d=\\&quot;M31.3 192h257.3c17.8 0 26.7 21.5 14.1 34.1L174.1 354.8c-7.8 7.8-20.5 7.8-28.3 0L17.2 226.1C4.6 213.5 13.5 192 31.3 192z\\&quot;&gt;&lt;\\\/path&gt;&lt;\\\/svg&gt;&quot;,&quot;library&quot;:&quot;fa-solid&quot;},&quot;toggle&quot;:&quot;burger&quot;}\" data-widget_type=\"nav-menu.default\">\n\t\t\t\t<div class=\"elementor-widget-container\">\n\t\t\t\t\t\t\t\t<nav aria-label=\"Menu\" class=\"elementor-nav-menu--main elementor-nav-menu__container elementor-nav-menu--layout-horizontal e--pointer-underline e--animation-fade\">\n\t\t\t\t<ul id=\"menu-1-f6fcc4f\" class=\"elementor-nav-menu\"><li class=\"menu-item menu-item-type-post_type menu-item-object-page menu-item-home menu-item-34\"><a href=\"https:\/\/demfreshproduce.com\/\" class=\"elementor-item\">Inicio<\/a><\/li>\n<li class=\"menu-item menu-item-type-post_type menu-item-object-page menu-item-314\"><a href=\"https:\/\/demfreshproduce.com\/index.php\/contacto\/\" class=\"elementor-item\">Contacto<\/a><\/li>\n<li class=\"menu-item menu-item-type-post_type menu-item-object-page menu-item-has-children menu-item-320\"><a href=\"https:\/\/demfreshproduce.com\/index.php\/pina\/\" class=\"elementor-item\">Pi\u00f1a<\/a>\n<ul class=\"sub-menu elementor-nav-menu--dropdown\">\n\t<li class=\"menu-item menu-item-type-post_type menu-item-object-page menu-item-321\"><a href=\"https:\/\/demfreshproduce.com\/index.php\/pina-congelada\/\" class=\"elementor-sub-item\">Pi\u00f1a Congelada<\/a><\/li>\n\t<li class=\"menu-item menu-item-type-post_type menu-item-object-page menu-item-322\"><a href=\"https:\/\/demfreshproduce.com\/index.php\/pina-en-pasta\/\" class=\"elementor-sub-item\">Pi\u00f1a en Pasta<\/a><\/li>\n<\/ul>\n<\/li>\n<li class=\"menu-item menu-item-type-post_type menu-item-object-page menu-item-has-children menu-item-326\"><a href=\"https:\/\/demfreshproduce.com\/index.php\/yuca\/\" class=\"elementor-item\">Yuca<\/a>\n<ul class=\"sub-menu elementor-nav-menu--dropdown\">\n\t<li class=\"menu-item menu-item-type-post_type menu-item-object-page menu-item-327\"><a href=\"https:\/\/demfreshproduce.com\/index.php\/yuca-congelada\/\" class=\"elementor-sub-item\">Yuca Congelada<\/a><\/li>\n\t<li class=\"menu-item menu-item-type-post_type menu-item-object-page menu-item-328\"><a href=\"https:\/\/demfreshproduce.com\/index.php\/yuca-en-masa\/\" class=\"elementor-sub-item\">Yuca en Masa<\/a><\/li>\n\t<li class=\"menu-item menu-item-type-post_type menu-item-object-page menu-item-329\"><a href=\"https:\/\/demfreshproduce.com\/index.php\/yuca-en-pasta\/\" class=\"elementor-sub-item\">Yuca en Pasta<\/a><\/li>\n<\/ul>\n<\/li>\n<li class=\"menu-item menu-item-type-post_type menu-item-object-page menu-item-311\"><a href=\"https:\/\/demfreshproduce.com\/index.php\/ayote\/\" class=\"elementor-item\">Ayote<\/a><\/li>\n<li class=\"menu-item menu-item-type-post_type menu-item-object-page menu-item-312\"><a href=\"https:\/\/demfreshproduce.com\/index.php\/banano\/\" class=\"elementor-item\">Banano<\/a><\/li>\n<li class=\"menu-item menu-item-type-post_type menu-item-object-page menu-item-313\"><a href=\"https:\/\/demfreshproduce.com\/index.php\/chayote\/\" class=\"elementor-item\">Chayote<\/a><\/li>\n<li class=\"menu-item menu-item-type-post_type menu-item-object-page menu-item-315\"><a href=\"https:\/\/demfreshproduce.com\/index.php\/eddoes\/\" class=\"elementor-item\">Eddoes<\/a><\/li>\n<li class=\"menu-item menu-item-type-post_type menu-item-object-page menu-item-316\"><a href=\"https:\/\/demfreshproduce.com\/index.php\/jengibre\/\" class=\"elementor-item\">Jengibre<\/a><\/li>\n<li class=\"menu-item menu-item-type-post_type menu-item-object-page menu-item-317\"><a href=\"https:\/\/demfreshproduce.com\/index.php\/malanga\/\" class=\"elementor-item\">Malanga<\/a><\/li>\n<li class=\"menu-item menu-item-type-post_type menu-item-object-page menu-item-318\"><a href=\"https:\/\/demfreshproduce.com\/index.php\/melon\/\" class=\"elementor-item\">Melon<\/a><\/li>\n<li class=\"menu-item menu-item-type-post_type menu-item-object-page menu-item-319\"><a href=\"https:\/\/demfreshproduce.com\/index.php\/name\/\" class=\"elementor-item\">\u00d1ame<\/a><\/li>\n<li class=\"menu-item menu-item-type-post_type menu-item-object-page menu-item-323\"><a href=\"https:\/\/demfreshproduce.com\/index.php\/platano\/\" class=\"elementor-item\">Platano<\/a><\/li>\n<li class=\"menu-item menu-item-type-post_type menu-item-object-page menu-item-324\"><a href=\"https:\/\/demfreshproduce.com\/index.php\/platano-en-pasta\/\" class=\"elementor-item\">Platano en Pasta<\/a><\/li>\n<li class=\"menu-item menu-item-type-post_type menu-item-object-page menu-item-325\"><a href=\"https:\/\/demfreshproduce.com\/index.php\/tiquisque\/\" class=\"elementor-item\">Tiquisque<\/a><\/li>\n<\/ul>\t\t\t<\/nav>\n\t\t\t\t\t<div class=\"elementor-menu-toggle\" role=\"button\" tabindex=\"0\" aria-label=\"Menu Toggle\" aria-expanded=\"false\">\n\t\t\t<svg aria-hidden=\"true\" role=\"presentation\" class=\"elementor-menu-toggle__icon--open e-font-icon-svg e-eicon-menu-bar\" viewBox=\"0 0 1000 1000\" xmlns=\"http:\/\/www.w3.org\/2000\/svg\"><path d=\"M104 333H896C929 333 958 304 958 271S929 208 896 208H104C71 208 42 237 42 271S71 333 104 333ZM104 583H896C929 583 958 554 958 521S929 458 896 458H104C71 458 42 487 42 521S71 583 104 583ZM104 833H896C929 833 958 804 958 771S929 708 896 708H104C71 708 42 737 42 771S71 833 104 833Z\"><\/path><\/svg><svg aria-hidden=\"true\" role=\"presentation\" class=\"elementor-menu-toggle__icon--close e-font-icon-svg e-eicon-close\" viewBox=\"0 0 1000 1000\" xmlns=\"http:\/\/www.w3.org\/2000\/svg\"><path d=\"M742 167L500 408 258 167C246 154 233 150 217 150 196 150 179 158 167 167 154 179 150 196 150 212 150 229 154 242 171 254L408 500 167 742C138 771 138 800 167 829 196 858 225 858 254 829L496 587 738 829C750 842 767 846 783 846 800 846 817 842 829 829 842 817 846 804 846 783 846 767 842 750 829 737L588 500 833 258C863 229 863 200 833 171 804 137 775 137 742 167Z\"><\/path><\/svg>\t\t<\/div>\n\t\t\t\t\t<nav class=\"elementor-nav-menu--dropdown elementor-nav-menu__container\" aria-hidden=\"true\">\n\t\t\t\t<ul id=\"menu-2-f6fcc4f\" class=\"elementor-nav-menu\"><li class=\"menu-item menu-item-type-post_type menu-item-object-page menu-item-home menu-item-34\"><a href=\"https:\/\/demfreshproduce.com\/\" class=\"elementor-item\" tabindex=\"-1\">Inicio<\/a><\/li>\n<li class=\"menu-item menu-item-type-post_type menu-item-object-page menu-item-314\"><a href=\"https:\/\/demfreshproduce.com\/index.php\/contacto\/\" class=\"elementor-item\" tabindex=\"-1\">Contacto<\/a><\/li>\n<li class=\"menu-item menu-item-type-post_type menu-item-object-page menu-item-has-children menu-item-320\"><a href=\"https:\/\/demfreshproduce.com\/index.php\/pina\/\" class=\"elementor-item\" tabindex=\"-1\">Pi\u00f1a<\/a>\n<ul class=\"sub-menu elementor-nav-menu--dropdown\">\n\t<li class=\"menu-item menu-item-type-post_type menu-item-object-page menu-item-321\"><a href=\"https:\/\/demfreshproduce.com\/index.php\/pina-congelada\/\" class=\"elementor-sub-item\" tabindex=\"-1\">Pi\u00f1a Congelada<\/a><\/li>\n\t<li class=\"menu-item menu-item-type-post_type menu-item-object-page menu-item-322\"><a href=\"https:\/\/demfreshproduce.com\/index.php\/pina-en-pasta\/\" class=\"elementor-sub-item\" tabindex=\"-1\">Pi\u00f1a en Pasta<\/a><\/li>\n<\/ul>\n<\/li>\n<li class=\"menu-item menu-item-type-post_type menu-item-object-page menu-item-has-children menu-item-326\"><a href=\"https:\/\/demfreshproduce.com\/index.php\/yuca\/\" class=\"elementor-item\" tabindex=\"-1\">Yuca<\/a>\n<ul class=\"sub-menu elementor-nav-menu--dropdown\">\n\t<li class=\"menu-item menu-item-type-post_type menu-item-object-page menu-item-327\"><a href=\"https:\/\/demfreshproduce.com\/index.php\/yuca-congelada\/\" class=\"elementor-sub-item\" tabindex=\"-1\">Yuca Congelada<\/a><\/li>\n\t<li class=\"menu-item menu-item-type-post_type menu-item-object-page menu-item-328\"><a href=\"https:\/\/demfreshproduce.com\/index.php\/yuca-en-masa\/\" class=\"elementor-sub-item\" tabindex=\"-1\">Yuca en Masa<\/a><\/li>\n\t<li class=\"menu-item menu-item-type-post_type menu-item-object-page menu-item-329\"><a href=\"https:\/\/demfreshproduce.com\/index.php\/yuca-en-pasta\/\" class=\"elementor-sub-item\" tabindex=\"-1\">Yuca en Pasta<\/a><\/li>\n<\/ul>\n<\/li>\n<li class=\"menu-item menu-item-type-post_type menu-item-object-page menu-item-311\"><a href=\"https:\/\/demfreshproduce.com\/index.php\/ayote\/\" class=\"elementor-item\" tabindex=\"-1\">Ayote<\/a><\/li>\n<li class=\"menu-item menu-item-type-post_type menu-item-object-page menu-item-312\"><a href=\"https:\/\/demfreshproduce.com\/index.php\/banano\/\" class=\"elementor-item\" tabindex=\"-1\">Banano<\/a><\/li>\n<li class=\"menu-item menu-item-type-post_type menu-item-object-page menu-item-313\"><a href=\"https:\/\/demfreshproduce.com\/index.php\/chayote\/\" class=\"elementor-item\" tabindex=\"-1\">Chayote<\/a><\/li>\n<li class=\"menu-item menu-item-type-post_type menu-item-object-page menu-item-315\"><a href=\"https:\/\/demfreshproduce.com\/index.php\/eddoes\/\" class=\"elementor-item\" tabindex=\"-1\">Eddoes<\/a><\/li>\n<li class=\"menu-item menu-item-type-post_type menu-item-object-page menu-item-316\"><a href=\"https:\/\/demfreshproduce.com\/index.php\/jengibre\/\" class=\"elementor-item\" tabindex=\"-1\">Jengibre<\/a><\/li>\n<li class=\"menu-item menu-item-type-post_type menu-item-object-page menu-item-317\"><a href=\"https:\/\/demfreshproduce.com\/index.php\/malanga\/\" class=\"elementor-item\" tabindex=\"-1\">Malanga<\/a><\/li>\n<li class=\"menu-item menu-item-type-post_type menu-item-object-page menu-item-318\"><a href=\"https:\/\/demfreshproduce.com\/index.php\/melon\/\" class=\"elementor-item\" tabindex=\"-1\">Melon<\/a><\/li>\n<li class=\"menu-item menu-item-type-post_type menu-item-object-page menu-item-319\"><a href=\"https:\/\/demfreshproduce.com\/index.php\/name\/\" class=\"elementor-item\" tabindex=\"-1\">\u00d1ame<\/a><\/li>\n<li class=\"menu-item menu-item-type-post_type menu-item-object-page menu-item-323\"><a href=\"https:\/\/demfreshproduce.com\/index.php\/platano\/\" class=\"elementor-item\" tabindex=\"-1\">Platano<\/a><\/li>\n<li class=\"menu-item menu-item-type-post_type menu-item-object-page menu-item-324\"><a href=\"https:\/\/demfreshproduce.com\/index.php\/platano-en-pasta\/\" class=\"elementor-item\" tabindex=\"-1\">Platano en Pasta<\/a><\/li>\n<li class=\"menu-item menu-item-type-post_type menu-item-object-page menu-item-325\"><a href=\"https:\/\/demfreshproduce.com\/index.php\/tiquisque\/\" class=\"elementor-item\" tabindex=\"-1\">Tiquisque<\/a><\/li>\n<\/ul>\t\t\t<\/nav>\n\t\t\t\t\t\t<\/div>\n\t\t\t\t<\/div>\n\t\t\t\t\t<\/div>\n\t\t<\/div>\n\t\t\t\t\t<\/div>\n\t\t<\/section>\n\t\t\t\t<section class=\"elementor-section elementor-top-section elementor-element elementor-element-f924f97 elementor-section-boxed elementor-section-height-default elementor-section-height-default\" data-id=\"f924f97\" data-element_type=\"section\" data-e-type=\"section\" data-settings=\"{&quot;background_background&quot;:&quot;classic&quot;}\">\n\t\t\t\t\t\t<div class=\"elementor-container elementor-column-gap-default\">\n\t\t\t\t\t<div class=\"elementor-column elementor-col-100 elementor-top-column elementor-element elementor-element-906559b\" data-id=\"906559b\" data-element_type=\"column\" data-e-type=\"column\">\n\t\t\t<div class=\"elementor-widget-wrap elementor-element-populated\">\n\t\t\t\t\t\t<div class=\"elementor-element elementor-element-b76637b elementor-widget elementor-widget-text-editor\" data-id=\"b76637b\" data-element_type=\"widget\" data-e-type=\"widget\" data-widget_type=\"text-editor.default\">\n\t\t\t\t<div class=\"elementor-widget-container\">\n\t\t\t\t\t\t\t\t\t<p>Sum\u00e9rgete en el c\u00e1lido abrazo del tr\u00f3pico con nuestra Pasta de Pl\u00e1tano, un deleite culinario que captura la esencia misma de la naturaleza. Hecha de pl\u00e1tanos madurados bajo el sol tropical, cada cucharada de esta pasta es un viaje sensorial que lleva consigo los ricos aromas y sabores de las regiones exuberantes de donde proviene. Su textura suave y sedosa se desliza delicadamente en el paladar, mientras su dulzura natural crea una sinfon\u00eda de sabores que despiertan los sentidos.<\/p>\n<p>Esta pasta, elaborada con cuidado artesanal, no es solo un producto; es un tributo a la diversidad y la abundancia de la naturaleza. Cada tarro es un testamento a la riqueza del suelo, a la paciencia del agricultor y al amor por los ingredientes de calidad.<\/p>\n<p>Imagina un mundo culinario donde la creatividad no tiene l\u00edmites. Nuestra Pasta de Pl\u00e1tano se convierte en la herramienta m\u00e1gica que transforma lo ordinario en lo extraordinario. Desde ser el relleno de un pastel exquisito hasta la base de una salsa \u00fanica, esta pasta abre las puertas a un universo de posibilidades gastron\u00f3micas.<\/p>\n<p>No es solo un producto alimenticio, es una historia contada en cada bocado. Es el eco de los campos soleados, el susurro del viento tropical y el sabor del sol en cada pl\u00e1tano maduro. Cada vez que la cuchara encuentra esta pasta, se encuentra con una experiencia que va m\u00e1s all\u00e1 de los confines de la cocina es un viaje que te lleva directamente al coraz\u00f3n de las tierras donde los pl\u00e1tanos crecen, una conexi\u00f3n con la naturaleza que puede ser saboreada y apreciada.<\/p>\t\t\t\t\t\t\t\t<\/div>\n\t\t\t\t<\/div>\n\t\t\t\t\t<\/div>\n\t\t<\/div>\n\t\t\t\t\t<\/div>\n\t\t<\/section>\n\t\t\t\t<section class=\"elementor-section elementor-top-section elementor-element elementor-element-32653da elementor-section-full_width elementor-section-height-default elementor-section-height-default\" data-id=\"32653da\" data-element_type=\"section\" data-e-type=\"section\" data-settings=\"{&quot;background_background&quot;:&quot;classic&quot;}\">\n\t\t\t\t\t\t<div class=\"elementor-container elementor-column-gap-default\">\n\t\t\t\t\t<div class=\"elementor-column elementor-col-100 elementor-top-column elementor-element elementor-element-edfab51\" data-id=\"edfab51\" data-element_type=\"column\" data-e-type=\"column\">\n\t\t\t<div class=\"elementor-widget-wrap elementor-element-populated\">\n\t\t\t\t\t\t<div class=\"elementor-element elementor-element-038321b elementor-widget elementor-widget-text-editor\" data-id=\"038321b\" data-element_type=\"widget\" data-e-type=\"widget\" data-widget_type=\"text-editor.default\">\n\t\t\t\t<div class=\"elementor-widget-container\">\n\t\t\t\t\t\t\t\t\t<p>Dise\u00f1ado &amp; Hosting web <span style=\"color: #ffffff;\"><a style=\"color: #ffffff;\" href=\"https:\/\/williamalvarado.com\"><span style=\"text-decoration: underline;\">WilliamAlvarado.com<\/span><\/a><\/span><\/p>\t\t\t\t\t\t\t\t<\/div>\n\t\t\t\t<\/div>\n\t\t\t\t\t<\/div>\n\t\t<\/div>\n\t\t\t\t\t<\/div>\n\t\t<\/section>\n\t\t\t\t<\/div>\n\t\t","protected":false},"excerpt":{"rendered":"<p>Platano en PastaContacto Sum\u00e9rgete en el c\u00e1lido abrazo del tr\u00f3pico con nuestra Pasta de Pl\u00e1tano, un deleite culinario que captura la esencia misma de la naturaleza. Hecha de pl\u00e1tanos madurados bajo el sol tropical, cada cucharada de esta pasta es un viaje sensorial que lleva consigo los ricos aromas y sabores de las regiones exuberantes [&hellip;]<\/p>\n","protected":false},"author":1,"featured_media":0,"parent":0,"menu_order":0,"comment_status":"closed","ping_status":"closed","template":"elementor_canvas","meta":{"footnotes":""},"class_list":["post-237","page","type-page","status-publish","hentry"],"_links":{"self":[{"href":"https:\/\/demfreshproduce.com\/index.php\/wp-json\/wp\/v2\/pages\/237","targetHints":{"allow":["GET"]}}],"collection":[{"href":"https:\/\/demfreshproduce.com\/index.php\/wp-json\/wp\/v2\/pages"}],"about":[{"href":"https:\/\/demfreshproduce.com\/index.php\/wp-json\/wp\/v2\/types\/page"}],"author":[{"embeddable":true,"href":"https:\/\/demfreshproduce.com\/index.php\/wp-json\/wp\/v2\/users\/1"}],"replies":[{"embeddable":true,"href":"https:\/\/demfreshproduce.com\/index.php\/wp-json\/wp\/v2\/comments?post=237"}],"version-history":[{"count":4,"href":"https:\/\/demfreshproduce.com\/index.php\/wp-json\/wp\/v2\/pages\/237\/revisions"}],"predecessor-version":[{"id":243,"href":"https:\/\/demfreshproduce.com\/index.php\/wp-json\/wp\/v2\/pages\/237\/revisions\/243"}],"wp:attachment":[{"href":"https:\/\/demfreshproduce.com\/index.php\/wp-json\/wp\/v2\/media?parent=237"}],"curies":[{"name":"wp","href":"https:\/\/api.w.org\/{rel}","templated":true}]}}