{"id":244,"date":"2024-06-22T21:12:52","date_gmt":"2024-06-22T21:12:52","guid":{"rendered":"https:\/\/demfreshproduce.com\/?page_id=244"},"modified":"2026-03-21T11:33:18","modified_gmt":"2026-03-21T11:33:18","slug":"tiquisque","status":"publish","type":"page","link":"https:\/\/demfreshproduce.com\/index.php\/tiquisque\/","title":{"rendered":"Tiquisque"},"content":{"rendered":"\t\t<div data-elementor-type=\"wp-page\" data-elementor-id=\"244\" class=\"elementor elementor-244\" data-elementor-post-type=\"page\">\n\t\t\t\t\t\t<section class=\"elementor-section elementor-top-section elementor-element elementor-element-2419b35 elementor-section-full_width elementor-section-height-default elementor-section-height-default\" data-id=\"2419b35\" data-element_type=\"section\" data-e-type=\"section\">\n\t\t\t\t\t\t<div class=\"elementor-container elementor-column-gap-default\">\n\t\t\t\t\t<div class=\"elementor-column elementor-col-100 elementor-top-column elementor-element elementor-element-2d06715\" data-id=\"2d06715\" data-element_type=\"column\" data-e-type=\"column\" data-settings=\"{&quot;background_background&quot;:&quot;classic&quot;}\">\n\t\t\t<div class=\"elementor-widget-wrap elementor-element-populated\">\n\t\t\t\t\t\t<div class=\"elementor-element elementor-element-aa87b34 elementor--h-position-center elementor--v-position-middle elementor-widget elementor-widget-slides\" data-id=\"aa87b34\" data-element_type=\"widget\" data-e-type=\"widget\" data-settings=\"{&quot;navigation&quot;:&quot;none&quot;,&quot;autoplay_speed&quot;:3000,&quot;transition&quot;:&quot;fade&quot;,&quot;autoplay&quot;:&quot;yes&quot;,&quot;infinite&quot;:&quot;yes&quot;,&quot;transition_speed&quot;:500}\" data-widget_type=\"slides.default\">\n\t\t\t\t<div class=\"elementor-widget-container\">\n\t\t\t\t\t\t\t\t\t<div class=\"elementor-swiper\">\n\t\t\t\t\t<div class=\"elementor-slides-wrapper elementor-main-swiper swiper\" role=\"region\" aria-roledescription=\"carousel\" aria-label=\"Slides\" dir=\"ltr\" data-animation=\"fadeInDown\">\n\t\t\t\t<div class=\"swiper-wrapper elementor-slides\">\n\t\t\t\t\t\t\t\t\t\t<div class=\"elementor-repeater-item-667a077 swiper-slide\" role=\"group\" aria-roledescription=\"slide\"><div class=\"swiper-slide-bg elementor-ken-burns elementor-ken-burns--in\" role=\"img\" aria-label=\"6961084_orig.jpg\"><\/div><a class=\"swiper-slide-inner\" href=\"https:\/\/demfreshproduce.com\/index.php\/contacto\/\"><div class=\"swiper-slide-contents\"><div class=\"elementor-slide-heading\">Tiquisque<\/div><div  class=\"elementor-button elementor-slide-button elementor-size-sm\">Contacto<\/div><\/div><\/a><\/div>\t\t\t\t<\/div>\n\t\t\t\t\t\t\t<\/div>\n\t\t\t\t<\/div>\n\t\t\t\t\t\t\t\t<\/div>\n\t\t\t\t<\/div>\n\t\t\t\t<div class=\"elementor-element elementor-element-2c134f5 elementor-nav-menu__align-center elementor-fixed elementor-nav-menu--dropdown-tablet elementor-nav-menu__text-align-aside elementor-nav-menu--toggle elementor-nav-menu--burger elementor-widget elementor-widget-nav-menu\" data-id=\"2c134f5\" data-element_type=\"widget\" data-e-type=\"widget\" data-settings=\"{&quot;_position&quot;:&quot;fixed&quot;,&quot;layout&quot;:&quot;horizontal&quot;,&quot;submenu_icon&quot;:{&quot;value&quot;:&quot;&lt;svg aria-hidden=\\&quot;true\\&quot; class=\\&quot;e-font-icon-svg e-fas-caret-down\\&quot; viewBox=\\&quot;0 0 320 512\\&quot; xmlns=\\&quot;http:\\\/\\\/www.w3.org\\\/2000\\\/svg\\&quot;&gt;&lt;path d=\\&quot;M31.3 192h257.3c17.8 0 26.7 21.5 14.1 34.1L174.1 354.8c-7.8 7.8-20.5 7.8-28.3 0L17.2 226.1C4.6 213.5 13.5 192 31.3 192z\\&quot;&gt;&lt;\\\/path&gt;&lt;\\\/svg&gt;&quot;,&quot;library&quot;:&quot;fa-solid&quot;},&quot;toggle&quot;:&quot;burger&quot;}\" data-widget_type=\"nav-menu.default\">\n\t\t\t\t<div class=\"elementor-widget-container\">\n\t\t\t\t\t\t\t\t<nav aria-label=\"Menu\" class=\"elementor-nav-menu--main elementor-nav-menu__container elementor-nav-menu--layout-horizontal e--pointer-underline e--animation-fade\">\n\t\t\t\t<ul id=\"menu-1-2c134f5\" class=\"elementor-nav-menu\"><li class=\"menu-item menu-item-type-post_type menu-item-object-page menu-item-home menu-item-34\"><a href=\"https:\/\/demfreshproduce.com\/\" class=\"elementor-item\">Inicio<\/a><\/li>\n<li class=\"menu-item menu-item-type-post_type menu-item-object-page menu-item-314\"><a href=\"https:\/\/demfreshproduce.com\/index.php\/contacto\/\" class=\"elementor-item\">Contacto<\/a><\/li>\n<li class=\"menu-item menu-item-type-post_type menu-item-object-page menu-item-has-children menu-item-320\"><a href=\"https:\/\/demfreshproduce.com\/index.php\/pina\/\" class=\"elementor-item\">Pi\u00f1a<\/a>\n<ul class=\"sub-menu elementor-nav-menu--dropdown\">\n\t<li class=\"menu-item menu-item-type-post_type menu-item-object-page menu-item-321\"><a href=\"https:\/\/demfreshproduce.com\/index.php\/pina-congelada\/\" class=\"elementor-sub-item\">Pi\u00f1a Congelada<\/a><\/li>\n\t<li class=\"menu-item menu-item-type-post_type menu-item-object-page menu-item-322\"><a href=\"https:\/\/demfreshproduce.com\/index.php\/pina-en-pasta\/\" class=\"elementor-sub-item\">Pi\u00f1a en Pasta<\/a><\/li>\n<\/ul>\n<\/li>\n<li class=\"menu-item menu-item-type-post_type menu-item-object-page menu-item-has-children menu-item-326\"><a href=\"https:\/\/demfreshproduce.com\/index.php\/yuca\/\" class=\"elementor-item\">Yuca<\/a>\n<ul class=\"sub-menu elementor-nav-menu--dropdown\">\n\t<li class=\"menu-item menu-item-type-post_type menu-item-object-page menu-item-327\"><a href=\"https:\/\/demfreshproduce.com\/index.php\/yuca-congelada\/\" class=\"elementor-sub-item\">Yuca Congelada<\/a><\/li>\n\t<li class=\"menu-item menu-item-type-post_type menu-item-object-page menu-item-328\"><a href=\"https:\/\/demfreshproduce.com\/index.php\/yuca-en-masa\/\" class=\"elementor-sub-item\">Yuca en Masa<\/a><\/li>\n\t<li class=\"menu-item menu-item-type-post_type menu-item-object-page menu-item-329\"><a href=\"https:\/\/demfreshproduce.com\/index.php\/yuca-en-pasta\/\" class=\"elementor-sub-item\">Yuca en Pasta<\/a><\/li>\n<\/ul>\n<\/li>\n<li class=\"menu-item menu-item-type-post_type menu-item-object-page menu-item-311\"><a href=\"https:\/\/demfreshproduce.com\/index.php\/ayote\/\" class=\"elementor-item\">Ayote<\/a><\/li>\n<li class=\"menu-item menu-item-type-post_type menu-item-object-page menu-item-312\"><a href=\"https:\/\/demfreshproduce.com\/index.php\/banano\/\" class=\"elementor-item\">Banano<\/a><\/li>\n<li class=\"menu-item menu-item-type-post_type menu-item-object-page menu-item-313\"><a href=\"https:\/\/demfreshproduce.com\/index.php\/chayote\/\" class=\"elementor-item\">Chayote<\/a><\/li>\n<li class=\"menu-item menu-item-type-post_type menu-item-object-page menu-item-315\"><a href=\"https:\/\/demfreshproduce.com\/index.php\/eddoes\/\" class=\"elementor-item\">Eddoes<\/a><\/li>\n<li class=\"menu-item menu-item-type-post_type menu-item-object-page menu-item-316\"><a href=\"https:\/\/demfreshproduce.com\/index.php\/jengibre\/\" class=\"elementor-item\">Jengibre<\/a><\/li>\n<li class=\"menu-item menu-item-type-post_type menu-item-object-page menu-item-317\"><a href=\"https:\/\/demfreshproduce.com\/index.php\/malanga\/\" class=\"elementor-item\">Malanga<\/a><\/li>\n<li class=\"menu-item menu-item-type-post_type menu-item-object-page menu-item-318\"><a href=\"https:\/\/demfreshproduce.com\/index.php\/melon\/\" class=\"elementor-item\">Melon<\/a><\/li>\n<li class=\"menu-item menu-item-type-post_type menu-item-object-page menu-item-319\"><a href=\"https:\/\/demfreshproduce.com\/index.php\/name\/\" class=\"elementor-item\">\u00d1ame<\/a><\/li>\n<li class=\"menu-item menu-item-type-post_type menu-item-object-page menu-item-323\"><a href=\"https:\/\/demfreshproduce.com\/index.php\/platano\/\" class=\"elementor-item\">Platano<\/a><\/li>\n<li class=\"menu-item menu-item-type-post_type menu-item-object-page menu-item-324\"><a href=\"https:\/\/demfreshproduce.com\/index.php\/platano-en-pasta\/\" class=\"elementor-item\">Platano en Pasta<\/a><\/li>\n<li class=\"menu-item menu-item-type-post_type menu-item-object-page menu-item-325\"><a href=\"https:\/\/demfreshproduce.com\/index.php\/tiquisque\/\" class=\"elementor-item\">Tiquisque<\/a><\/li>\n<\/ul>\t\t\t<\/nav>\n\t\t\t\t\t<div class=\"elementor-menu-toggle\" role=\"button\" tabindex=\"0\" aria-label=\"Menu Toggle\" aria-expanded=\"false\">\n\t\t\t<svg aria-hidden=\"true\" role=\"presentation\" class=\"elementor-menu-toggle__icon--open e-font-icon-svg e-eicon-menu-bar\" viewBox=\"0 0 1000 1000\" xmlns=\"http:\/\/www.w3.org\/2000\/svg\"><path d=\"M104 333H896C929 333 958 304 958 271S929 208 896 208H104C71 208 42 237 42 271S71 333 104 333ZM104 583H896C929 583 958 554 958 521S929 458 896 458H104C71 458 42 487 42 521S71 583 104 583ZM104 833H896C929 833 958 804 958 771S929 708 896 708H104C71 708 42 737 42 771S71 833 104 833Z\"><\/path><\/svg><svg aria-hidden=\"true\" role=\"presentation\" class=\"elementor-menu-toggle__icon--close e-font-icon-svg e-eicon-close\" viewBox=\"0 0 1000 1000\" xmlns=\"http:\/\/www.w3.org\/2000\/svg\"><path d=\"M742 167L500 408 258 167C246 154 233 150 217 150 196 150 179 158 167 167 154 179 150 196 150 212 150 229 154 242 171 254L408 500 167 742C138 771 138 800 167 829 196 858 225 858 254 829L496 587 738 829C750 842 767 846 783 846 800 846 817 842 829 829 842 817 846 804 846 783 846 767 842 750 829 737L588 500 833 258C863 229 863 200 833 171 804 137 775 137 742 167Z\"><\/path><\/svg>\t\t<\/div>\n\t\t\t\t\t<nav class=\"elementor-nav-menu--dropdown elementor-nav-menu__container\" aria-hidden=\"true\">\n\t\t\t\t<ul id=\"menu-2-2c134f5\" class=\"elementor-nav-menu\"><li class=\"menu-item menu-item-type-post_type menu-item-object-page menu-item-home menu-item-34\"><a href=\"https:\/\/demfreshproduce.com\/\" class=\"elementor-item\" tabindex=\"-1\">Inicio<\/a><\/li>\n<li class=\"menu-item menu-item-type-post_type menu-item-object-page menu-item-314\"><a href=\"https:\/\/demfreshproduce.com\/index.php\/contacto\/\" class=\"elementor-item\" tabindex=\"-1\">Contacto<\/a><\/li>\n<li class=\"menu-item menu-item-type-post_type menu-item-object-page menu-item-has-children menu-item-320\"><a href=\"https:\/\/demfreshproduce.com\/index.php\/pina\/\" class=\"elementor-item\" tabindex=\"-1\">Pi\u00f1a<\/a>\n<ul class=\"sub-menu elementor-nav-menu--dropdown\">\n\t<li class=\"menu-item menu-item-type-post_type menu-item-object-page menu-item-321\"><a href=\"https:\/\/demfreshproduce.com\/index.php\/pina-congelada\/\" class=\"elementor-sub-item\" tabindex=\"-1\">Pi\u00f1a Congelada<\/a><\/li>\n\t<li class=\"menu-item menu-item-type-post_type menu-item-object-page menu-item-322\"><a href=\"https:\/\/demfreshproduce.com\/index.php\/pina-en-pasta\/\" class=\"elementor-sub-item\" tabindex=\"-1\">Pi\u00f1a en Pasta<\/a><\/li>\n<\/ul>\n<\/li>\n<li class=\"menu-item menu-item-type-post_type menu-item-object-page menu-item-has-children menu-item-326\"><a href=\"https:\/\/demfreshproduce.com\/index.php\/yuca\/\" class=\"elementor-item\" tabindex=\"-1\">Yuca<\/a>\n<ul class=\"sub-menu elementor-nav-menu--dropdown\">\n\t<li class=\"menu-item menu-item-type-post_type menu-item-object-page menu-item-327\"><a href=\"https:\/\/demfreshproduce.com\/index.php\/yuca-congelada\/\" class=\"elementor-sub-item\" tabindex=\"-1\">Yuca Congelada<\/a><\/li>\n\t<li class=\"menu-item menu-item-type-post_type menu-item-object-page menu-item-328\"><a href=\"https:\/\/demfreshproduce.com\/index.php\/yuca-en-masa\/\" class=\"elementor-sub-item\" tabindex=\"-1\">Yuca en Masa<\/a><\/li>\n\t<li class=\"menu-item menu-item-type-post_type menu-item-object-page menu-item-329\"><a href=\"https:\/\/demfreshproduce.com\/index.php\/yuca-en-pasta\/\" class=\"elementor-sub-item\" tabindex=\"-1\">Yuca en Pasta<\/a><\/li>\n<\/ul>\n<\/li>\n<li class=\"menu-item menu-item-type-post_type menu-item-object-page menu-item-311\"><a href=\"https:\/\/demfreshproduce.com\/index.php\/ayote\/\" class=\"elementor-item\" tabindex=\"-1\">Ayote<\/a><\/li>\n<li class=\"menu-item menu-item-type-post_type menu-item-object-page menu-item-312\"><a href=\"https:\/\/demfreshproduce.com\/index.php\/banano\/\" class=\"elementor-item\" tabindex=\"-1\">Banano<\/a><\/li>\n<li class=\"menu-item menu-item-type-post_type menu-item-object-page menu-item-313\"><a href=\"https:\/\/demfreshproduce.com\/index.php\/chayote\/\" class=\"elementor-item\" tabindex=\"-1\">Chayote<\/a><\/li>\n<li class=\"menu-item menu-item-type-post_type menu-item-object-page menu-item-315\"><a href=\"https:\/\/demfreshproduce.com\/index.php\/eddoes\/\" class=\"elementor-item\" tabindex=\"-1\">Eddoes<\/a><\/li>\n<li class=\"menu-item menu-item-type-post_type menu-item-object-page menu-item-316\"><a href=\"https:\/\/demfreshproduce.com\/index.php\/jengibre\/\" class=\"elementor-item\" tabindex=\"-1\">Jengibre<\/a><\/li>\n<li class=\"menu-item menu-item-type-post_type menu-item-object-page menu-item-317\"><a href=\"https:\/\/demfreshproduce.com\/index.php\/malanga\/\" class=\"elementor-item\" tabindex=\"-1\">Malanga<\/a><\/li>\n<li class=\"menu-item menu-item-type-post_type menu-item-object-page menu-item-318\"><a href=\"https:\/\/demfreshproduce.com\/index.php\/melon\/\" class=\"elementor-item\" tabindex=\"-1\">Melon<\/a><\/li>\n<li class=\"menu-item menu-item-type-post_type menu-item-object-page menu-item-319\"><a href=\"https:\/\/demfreshproduce.com\/index.php\/name\/\" class=\"elementor-item\" tabindex=\"-1\">\u00d1ame<\/a><\/li>\n<li class=\"menu-item menu-item-type-post_type menu-item-object-page menu-item-323\"><a href=\"https:\/\/demfreshproduce.com\/index.php\/platano\/\" class=\"elementor-item\" tabindex=\"-1\">Platano<\/a><\/li>\n<li class=\"menu-item menu-item-type-post_type menu-item-object-page menu-item-324\"><a href=\"https:\/\/demfreshproduce.com\/index.php\/platano-en-pasta\/\" class=\"elementor-item\" tabindex=\"-1\">Platano en Pasta<\/a><\/li>\n<li class=\"menu-item menu-item-type-post_type menu-item-object-page menu-item-325\"><a href=\"https:\/\/demfreshproduce.com\/index.php\/tiquisque\/\" class=\"elementor-item\" tabindex=\"-1\">Tiquisque<\/a><\/li>\n<\/ul>\t\t\t<\/nav>\n\t\t\t\t\t\t<\/div>\n\t\t\t\t<\/div>\n\t\t\t\t\t<\/div>\n\t\t<\/div>\n\t\t\t\t\t<\/div>\n\t\t<\/section>\n\t\t\t\t<section class=\"elementor-section elementor-top-section elementor-element elementor-element-1ca7eae elementor-section-boxed elementor-section-height-default elementor-section-height-default\" data-id=\"1ca7eae\" data-element_type=\"section\" data-e-type=\"section\">\n\t\t\t\t\t\t<div class=\"elementor-container elementor-column-gap-default\">\n\t\t\t\t\t<div class=\"elementor-column elementor-col-100 elementor-top-column elementor-element elementor-element-e76bbf7\" data-id=\"e76bbf7\" data-element_type=\"column\" data-e-type=\"column\">\n\t\t\t<div class=\"elementor-widget-wrap elementor-element-populated\">\n\t\t\t\t\t\t<div class=\"elementor-element elementor-element-3dc2258 elementor-widget elementor-widget-text-editor\" data-id=\"3dc2258\" data-element_type=\"widget\" data-e-type=\"widget\" data-widget_type=\"text-editor.default\">\n\t\t\t\t<div class=\"elementor-widget-container\">\n\t\t\t\t\t\t\t\t\t<p>El tiquisque es una ra\u00edz comestible originaria de Costa Rica y otros pa\u00edses de Am\u00e9rica Central. Tambi\u00e9n es conocido con otros nombres como malanga, tiquizque o tiquizque amargo. Su nombre cient\u00edfico es Xanthosoma sagittifolium.<\/p><p>El tiquisque es una planta perenne que pertenece a la familia de las Araceae. Tiene un tub\u00e9rculo de forma alargada y bulbosa que se cultiva y consume como alimento. La piel del tiquisque puede variar en color, desde marr\u00f3n claro hasta oscuro, y su pulpa es blanca o ligeramente amarillenta.<\/p><p>El tiquisque se caracteriza por su sabor suave y textura ligeramente harinosa. Es una fuente importante de carbohidratos, fibra diet\u00e9tica, vitamina C y minerales como el potasio y el magnesio. Adem\u00e1s, contiene compuestos antioxidantes y fitoqu\u00edmicos beneficiosos para la salud.<\/p><p>En Costa Rica, el tiquisque se utiliza en muchas preparaciones culinarias tradicionales. Se puede hervir, fre\u00edr, asar o cocinar al vapor. A menudo se utiliza como ingrediente principal en platos como el &#8220;olla de carne&#8221;, una sopa tradicional costarricense que combina diferentes carnes y vegetales.<\/p><p>Antes de ser cocinado, el tiquisque debe ser pelado y cocido adecuadamente para eliminar los compuestos t\u00f3xicos presentes en su estado crudo. Estos compuestos pueden causar irritaci\u00f3n en la boca y la garganta. Al cocinarlo, el tiquisque se vuelve suave y se puede cortar en rodajas o triturar para su uso en diferentes recetas.<\/p><p>El tiquisque es una planta resistente que crece en suelos h\u00famedos y bien drenados, preferiblemente en climas tropicales y subtropicales. Se propaga mediante los tub\u00e9rculos o bulbos, que se plantan en el suelo y dan lugar a nuevas plantas.<\/p>\t\t\t\t\t\t\t\t<\/div>\n\t\t\t\t<\/div>\n\t\t\t\t\t<\/div>\n\t\t<\/div>\n\t\t\t\t\t<\/div>\n\t\t<\/section>\n\t\t\t\t<section class=\"elementor-section elementor-top-section elementor-element elementor-element-d74594f elementor-section-boxed elementor-section-height-default elementor-section-height-default\" data-id=\"d74594f\" data-element_type=\"section\" data-e-type=\"section\">\n\t\t\t\t\t\t<div class=\"elementor-container elementor-column-gap-default\">\n\t\t\t\t\t<div class=\"elementor-column elementor-col-100 elementor-top-column elementor-element elementor-element-0ee1ac9\" data-id=\"0ee1ac9\" data-element_type=\"column\" data-e-type=\"column\">\n\t\t\t<div class=\"elementor-widget-wrap elementor-element-populated\">\n\t\t\t\t\t\t<div class=\"elementor-element elementor-element-91f1709 elementor-widget elementor-widget-gallery\" data-id=\"91f1709\" data-element_type=\"widget\" data-e-type=\"widget\" data-settings=\"{&quot;columns&quot;:3,&quot;lazyload&quot;:&quot;yes&quot;,&quot;gallery_layout&quot;:&quot;grid&quot;,&quot;columns_tablet&quot;:2,&quot;columns_mobile&quot;:1,&quot;gap&quot;:{&quot;unit&quot;:&quot;px&quot;,&quot;size&quot;:10,&quot;sizes&quot;:[]},&quot;gap_tablet&quot;:{&quot;unit&quot;:&quot;px&quot;,&quot;size&quot;:10,&quot;sizes&quot;:[]},&quot;gap_mobile&quot;:{&quot;unit&quot;:&quot;px&quot;,&quot;size&quot;:10,&quot;sizes&quot;:[]},&quot;link_to&quot;:&quot;file&quot;,&quot;aspect_ratio&quot;:&quot;3:2&quot;,&quot;overlay_background&quot;:&quot;yes&quot;,&quot;content_hover_animation&quot;:&quot;fade-in&quot;}\" data-widget_type=\"gallery.default\">\n\t\t\t\t<div class=\"elementor-widget-container\">\n\t\t\t\t\t\t\t<div class=\"elementor-gallery__container\">\n\t\t\t\t\t\t\t<a class=\"e-gallery-item elementor-gallery-item elementor-animated-content\" href=\"https:\/\/demfreshproduce.com\/wp-content\/uploads\/2024\/06\/Tiquizque1-393x300-1.jpg\" data-elementor-open-lightbox=\"yes\" data-elementor-lightbox-slideshow=\"91f1709\" data-elementor-lightbox-title=\"Tiquizque1-393x300-1.jpg\" data-e-action-hash=\"#elementor-action%3Aaction%3Dlightbox%26settings%3DeyJpZCI6MjQ4LCJ1cmwiOiJodHRwczpcL1wvZGVtZnJlc2hwcm9kdWNlLmNvbVwvd3AtY29udGVudFwvdXBsb2Fkc1wvMjAyNFwvMDZcL1RpcXVpenF1ZTEtMzkzeDMwMC0xLmpwZyIsInNsaWRlc2hvdyI6IjkxZjE3MDkifQ%3D%3D\">\n\t\t\t\t\t<div class=\"e-gallery-image elementor-gallery-item__image\" data-thumbnail=\"https:\/\/demfreshproduce.com\/wp-content\/uploads\/2024\/06\/Tiquizque1-393x300-1-300x229.jpg\" data-width=\"300\" data-height=\"229\" aria-label=\"\" role=\"img\" ><\/div>\n\t\t\t\t\t\t\t\t\t\t\t<div class=\"elementor-gallery-item__overlay\"><\/div>\n\t\t\t\t\t\t\t\t\t\t\t\t\t\t<\/a>\n\t\t\t\t\t\t\t<a class=\"e-gallery-item elementor-gallery-item elementor-animated-content\" href=\"https:\/\/demfreshproduce.com\/wp-content\/uploads\/2024\/06\/6961084_orig.jpg\" data-elementor-open-lightbox=\"yes\" data-elementor-lightbox-slideshow=\"91f1709\" data-elementor-lightbox-title=\"6961084_orig.jpg\" data-e-action-hash=\"#elementor-action%3Aaction%3Dlightbox%26settings%3DeyJpZCI6MjQ3LCJ1cmwiOiJodHRwczpcL1wvZGVtZnJlc2hwcm9kdWNlLmNvbVwvd3AtY29udGVudFwvdXBsb2Fkc1wvMjAyNFwvMDZcLzY5NjEwODRfb3JpZy5qcGciLCJzbGlkZXNob3ciOiI5MWYxNzA5In0%3D\">\n\t\t\t\t\t<div class=\"e-gallery-image elementor-gallery-item__image\" data-thumbnail=\"https:\/\/demfreshproduce.com\/wp-content\/uploads\/2024\/06\/6961084_orig-300x199.jpg\" data-width=\"300\" data-height=\"199\" aria-label=\"\" role=\"img\" ><\/div>\n\t\t\t\t\t\t\t\t\t\t\t<div class=\"elementor-gallery-item__overlay\"><\/div>\n\t\t\t\t\t\t\t\t\t\t\t\t\t\t<\/a>\n\t\t\t\t\t\t\t<a class=\"e-gallery-item elementor-gallery-item elementor-animated-content\" href=\"https:\/\/demfreshproduce.com\/wp-content\/uploads\/2024\/06\/36511_52061_5194.webp\" data-elementor-open-lightbox=\"yes\" data-elementor-lightbox-slideshow=\"91f1709\" data-elementor-lightbox-title=\"36511_52061_5194.webp\" data-e-action-hash=\"#elementor-action%3Aaction%3Dlightbox%26settings%3DeyJpZCI6MjQ5LCJ1cmwiOiJodHRwczpcL1wvZGVtZnJlc2hwcm9kdWNlLmNvbVwvd3AtY29udGVudFwvdXBsb2Fkc1wvMjAyNFwvMDZcLzM2NTExXzUyMDYxXzUxOTQud2VicCIsInNsaWRlc2hvdyI6IjkxZjE3MDkifQ%3D%3D\">\n\t\t\t\t\t<div class=\"e-gallery-image elementor-gallery-item__image\" data-thumbnail=\"https:\/\/demfreshproduce.com\/wp-content\/uploads\/2024\/06\/36511_52061_5194-300x168.webp\" data-width=\"300\" data-height=\"168\" aria-label=\"\" role=\"img\" ><\/div>\n\t\t\t\t\t\t\t\t\t\t\t<div class=\"elementor-gallery-item__overlay\"><\/div>\n\t\t\t\t\t\t\t\t\t\t\t\t\t\t<\/a>\n\t\t\t\t\t<\/div>\n\t\t\t\t\t<\/div>\n\t\t\t\t<\/div>\n\t\t\t\t\t<\/div>\n\t\t<\/div>\n\t\t\t\t\t<\/div>\n\t\t<\/section>\n\t\t\t\t<section class=\"elementor-section elementor-top-section elementor-element elementor-element-4a762b8 elementor-section-full_width elementor-section-height-default elementor-section-height-default\" data-id=\"4a762b8\" data-element_type=\"section\" data-e-type=\"section\" data-settings=\"{&quot;background_background&quot;:&quot;classic&quot;}\">\n\t\t\t\t\t\t<div class=\"elementor-container elementor-column-gap-default\">\n\t\t\t\t\t<div class=\"elementor-column elementor-col-100 elementor-top-column elementor-element elementor-element-fa17c95\" data-id=\"fa17c95\" data-element_type=\"column\" data-e-type=\"column\">\n\t\t\t<div class=\"elementor-widget-wrap elementor-element-populated\">\n\t\t\t\t\t\t<div class=\"elementor-element elementor-element-7209618 elementor-widget elementor-widget-text-editor\" data-id=\"7209618\" data-element_type=\"widget\" data-e-type=\"widget\" data-widget_type=\"text-editor.default\">\n\t\t\t\t<div class=\"elementor-widget-container\">\n\t\t\t\t\t\t\t\t\t<p>Dise\u00f1ado &amp; Hosting web <span style=\"color: #ffffff;\"><a style=\"color: #ffffff;\" href=\"https:\/\/williamalvarado.com\"><span style=\"text-decoration: underline;\">WilliamAlvarado.com<\/span><\/a><\/span><\/p>\t\t\t\t\t\t\t\t<\/div>\n\t\t\t\t<\/div>\n\t\t\t\t\t<\/div>\n\t\t<\/div>\n\t\t\t\t\t<\/div>\n\t\t<\/section>\n\t\t\t\t<\/div>\n\t\t","protected":false},"excerpt":{"rendered":"<p>TiquisqueContacto El tiquisque es una ra\u00edz comestible originaria de Costa Rica y otros pa\u00edses de Am\u00e9rica Central. Tambi\u00e9n es conocido con otros nombres como malanga, tiquizque o tiquizque amargo. Su nombre cient\u00edfico es Xanthosoma sagittifolium. El tiquisque es una planta perenne que pertenece a la familia de las Araceae. Tiene un tub\u00e9rculo de forma alargada [&hellip;]<\/p>\n","protected":false},"author":1,"featured_media":0,"parent":0,"menu_order":0,"comment_status":"closed","ping_status":"closed","template":"elementor_canvas","meta":{"footnotes":""},"class_list":["post-244","page","type-page","status-publish","hentry"],"_links":{"self":[{"href":"https:\/\/demfreshproduce.com\/index.php\/wp-json\/wp\/v2\/pages\/244","targetHints":{"allow":["GET"]}}],"collection":[{"href":"https:\/\/demfreshproduce.com\/index.php\/wp-json\/wp\/v2\/pages"}],"about":[{"href":"https:\/\/demfreshproduce.com\/index.php\/wp-json\/wp\/v2\/types\/page"}],"author":[{"embeddable":true,"href":"https:\/\/demfreshproduce.com\/index.php\/wp-json\/wp\/v2\/users\/1"}],"replies":[{"embeddable":true,"href":"https:\/\/demfreshproduce.com\/index.php\/wp-json\/wp\/v2\/comments?post=244"}],"version-history":[{"count":10,"href":"https:\/\/demfreshproduce.com\/index.php\/wp-json\/wp\/v2\/pages\/244\/revisions"}],"predecessor-version":[{"id":380,"href":"https:\/\/demfreshproduce.com\/index.php\/wp-json\/wp\/v2\/pages\/244\/revisions\/380"}],"wp:attachment":[{"href":"https:\/\/demfreshproduce.com\/index.php\/wp-json\/wp\/v2\/media?parent=244"}],"curies":[{"name":"wp","href":"https:\/\/api.w.org\/{rel}","templated":true}]}}